{"id":535,"date":"2023-01-26T14:58:10","date_gmt":"2023-01-26T14:58:10","guid":{"rendered":"https:\/\/workforce.ee\/tyonhakijalle\/"},"modified":"2023-03-22T14:57:54","modified_gmt":"2023-03-22T14:57:54","slug":"tyonhakijalle","status":"publish","type":"page","link":"https:\/\/workforce.ee\/fi\/tyonhakijalle\/","title":{"rendered":"Ty\u00f6nhakijalle"},"content":{"rendered":"<p><div class=\"fusion-fullwidth fullwidth-box fusion-builder-row-1 fusion-flex-container has-pattern-background has-mask-background nonhundred-percent-fullwidth non-hundred-percent-height-scrolling\" style=\"--awb-border-radius-top-left:0px;--awb-border-radius-top-right:0px;--awb-border-radius-bottom-right:0px;--awb-border-radius-bottom-left:0px;--awb-flex-wrap:wrap;\" ><div class=\"fusion-builder-row fusion-row fusion-flex-align-items-flex-start fusion-flex-content-wrap\" style=\"max-width:1248px;margin-left: calc(-4% \/ 2 );margin-right: calc(-4% \/ 2 );\"><div class=\"fusion-layout-column fusion_builder_column fusion-builder-column-0 fusion_builder_column_3_5 3_5 fusion-flex-column fusion-animated\" style=\"--awb-bg-size:cover;--awb-width-large:60%;--awb-margin-top-large:0px;--awb-spacing-right-large:3.2%;--awb-margin-bottom-large:20px;--awb-spacing-left-large:3.2%;--awb-width-medium:60%;--awb-order-medium:0;--awb-spacing-right-medium:3.2%;--awb-spacing-left-medium:3.2%;--awb-width-small:100%;--awb-order-small:0;--awb-spacing-right-small:1.92%;--awb-spacing-left-small:1.92%;\" data-animationType=\"fadeInLeft\" data-animationDuration=\"0.6\" data-animationOffset=\"top-into-view\"><div class=\"fusion-column-wrapper fusion-column-has-shadow fusion-flex-justify-content-flex-start fusion-content-layout-column\"><div class=\"fusion-text fusion-text-1\"><h2>Miten henkil\u00f6st\u00f6nvuokraus poikkeaa tavanomaisesta ty\u00f6suhteesta?<\/h2>\n<p>Vuokraty\u00f6ntekij\u00f6iden ty\u00f6sopimukset ovat yleens\u00e4 kestoltaan tavanomaisia ty\u00f6sopimuksia lyhyempi\u00e4, mutta t\u00e4m\u00e4 ei kuitenkaan tarkoita, ett\u00e4 henkil\u00f6st\u00f6nvuokraus olisi jollain tapaa riskialttiimpaa. Henkil\u00f6st\u00f6nvuokrauksen ehdottomia hyvi\u00e4 puolia on se, ett\u00e4 uusi ty\u00f6paikka l\u00f6ytyy aina nopeasti. Vuokrausyritys hoitaa ty\u00f6sopimusten solmimisen sek\u00e4 verojen maksamisen puolestasi ja etsii uuden ty\u00f6paikan.  <\/p>\n<p>Henkil\u00f6st\u00f6nvuokraus avaa ovet uusien taitojen oppimiselle ja erilaisiin ty\u00f6teht\u00e4viin useiden yritysten palveluksissa. Usein pel\u00e4t\u00e4\u00e4n, ett\u00e4 ansioluettelo muuttuu liian kirjavaksi, eiv\u00e4tk\u00e4 ty\u00f6nantajat suhtaudu henkil\u00f6st\u00f6nvuokrauksen v\u00e4lityksell\u00e4 ty\u00f6skennelleisiin en\u00e4\u00e4 vakavasti. Tosiasiassa monipuolista ty\u00f6kokemusta arvostetaan. Vuokraty\u00f6ntekij\u00e4n\u00e4 osaamisensa todistanut l\u00f6yt\u00e4\u00e4 aina t\u00f6it\u00e4.<\/p>\n<\/div><\/div><\/div><div class=\"fusion-layout-column fusion_builder_column fusion-builder-column-1 fusion_builder_column_2_5 2_5 fusion-flex-column fusion-animated\" style=\"--awb-bg-size:cover;--awb-width-large:40%;--awb-margin-top-large:0px;--awb-spacing-right-large:4.8%;--awb-margin-bottom-large:20px;--awb-spacing-left-large:4.8%;--awb-width-medium:40%;--awb-order-medium:0;--awb-spacing-right-medium:4.8%;--awb-spacing-left-medium:4.8%;--awb-width-small:100%;--awb-order-small:0;--awb-spacing-right-small:1.92%;--awb-spacing-left-small:1.92%;\" data-animationType=\"fadeInRight\" data-animationDuration=\"0.7\" data-animationOffset=\"top-into-view\"><div class=\"fusion-column-wrapper fusion-column-has-shadow fusion-flex-justify-content-flex-start fusion-content-layout-column\"><div class=\"fusion-lottie fusion-lottie-1\" data-id=\"1\"><div class=\"fusion-lottie-animation\" data-path=\"https:\/\/workforce.ee\/wp-content\/uploads\/2023\/02\/S6CHyNA4P7.json\" data-loop=\"1\" data-reverse=\"0\" data-speed=\"0.7\" data-trigger=\"none\" data-start_point=\"0\" data-end_point=\"100\"><lottie-player loop=\"1\" speed=\"0.7\"><\/lottie-player><\/div><\/div><\/div><\/div><\/div><\/div><div class=\"fusion-fullwidth fullwidth-box fusion-builder-row-2 fusion-flex-container has-pattern-background has-mask-background nonhundred-percent-fullwidth non-hundred-percent-height-scrolling fusion-animated\" style=\"--awb-border-radius-top-left:0px;--awb-border-radius-top-right:0px;--awb-border-radius-bottom-right:0px;--awb-border-radius-bottom-left:0px;--awb-flex-wrap:wrap;\" data-animationType=\"fadeInUp\" data-animationDuration=\"0.7\" data-animationOffset=\"top-into-view\" ><div class=\"fusion-builder-row fusion-row fusion-flex-align-items-flex-start fusion-flex-content-wrap\" style=\"max-width:1248px;margin-left: calc(-4% \/ 2 );margin-right: calc(-4% \/ 2 );\"><div class=\"fusion-layout-column fusion_builder_column fusion-builder-column-2 fusion_builder_column_1_2 1_2 fusion-flex-column\" style=\"--awb-bg-size:cover;--awb-width-large:50%;--awb-margin-top-large:0px;--awb-spacing-right-large:3.84%;--awb-margin-bottom-large:20px;--awb-spacing-left-large:3.84%;--awb-width-medium:50%;--awb-order-medium:0;--awb-spacing-right-medium:3.84%;--awb-spacing-left-medium:3.84%;--awb-width-small:100%;--awb-order-small:0;--awb-spacing-right-small:1.92%;--awb-spacing-left-small:1.92%;\"><div class=\"fusion-column-wrapper fusion-column-has-shadow fusion-flex-justify-content-flex-start fusion-content-layout-column\"><div class=\"fusion-text fusion-text-2 fusion-text-no-margin\" style=\"--awb-margin-bottom:30px;\"><h3>Kuka sopii vuokraty\u00f6ntekij\u00e4ksi?<\/h3>\n<p>Vuokraty\u00f6ntekij\u00e4ksi sopivat erityisesti sellaiset henkil\u00f6t, jotka sopeutuvat nopeasti uusiin tilanteisiin ja ovat sosiaalisesti taitavia ja luotettavia ty\u00f6ntekij\u00f6it\u00e4. Vuokraty\u00f6n kautta l\u00f6ytyy usein my\u00f6s pysyv\u00e4 ty\u00f6paikka. <\/p>\n<h3>Mit\u00e4 muita etuja henkil\u00f6st\u00f6nvuokrauksella on?<\/h3>\n<p>Ty\u00f6ntekij\u00e4t n\u00e4kev\u00e4t k\u00e4tev\u00e4sti ja nopeasti, miten ty\u00f6ntekij\u00e4 sopii teht\u00e4v\u00e4\u00e4n, ja sopivan ty\u00f6ntekij\u00e4n voi palkata my\u00f6s vakinaiseen ty\u00f6suhteeseen.<\/p>\n<\/div><div class=\"fusion-text fusion-text-3\"><p><strong>INTERNATIONAL WORKFORCE O\u00dc<\/strong><\/p>\n<p>Osoite: Keskv\u00e4ljak 3, Keila, Harju maakond<\/p>\n<\/div><ul style=\"--awb-size:18px;--awb-iconcolor:var(--awb-custom_color_4);--awb-line-height:30.6px;--awb-icon-width:30.6px;--awb-icon-height:30.6px;--awb-icon-margin:12.6px;--awb-content-margin:43.2px;\" class=\"fusion-checklist fusion-checklist-1 fusion-checklist-default type-icons\"><li class=\"fusion-li-item\" style=\"\"><span class=\"icon-wrapper circle-no\"><i class=\"fusion-li-icon fa-envelope fas\" aria-hidden=\"true\"><\/i><\/span><div class=\"fusion-li-item-content\">\n<p><a href=\"mailto:info@workforce.ee\">info@workforce.ee<\/a><\/p>\n<\/div><\/li><li class=\"fusion-li-item\" style=\"\"><span class=\"icon-wrapper circle-no\"><i class=\"fusion-li-icon fa-phone-alt fas\" aria-hidden=\"true\"><\/i><\/span><div class=\"fusion-li-item-content\">\n<p><a href=\"tel:+372%20526%203150\">+372 526 3150<\/a><\/p>\n<\/div><\/li><li class=\"fusion-li-item\" style=\"\"><span class=\"icon-wrapper circle-no\"><i class=\"fusion-li-icon fa-phone-alt fas\" aria-hidden=\"true\"><\/i><\/span><div class=\"fusion-li-item-content\"><a href=\"tel:+372%205620%201305\">+372 5620 1305<\/a><\/div><\/li><\/ul><\/div><\/div><div class=\"fusion-layout-column fusion_builder_column fusion-builder-column-3 fusion_builder_column_1_2 1_2 fusion-flex-column\" style=\"--awb-bg-size:cover;--awb-width-large:50%;--awb-margin-top-large:0px;--awb-spacing-right-large:3.84%;--awb-margin-bottom-large:20px;--awb-spacing-left-large:3.84%;--awb-width-medium:50%;--awb-order-medium:0;--awb-spacing-right-medium:3.84%;--awb-spacing-left-medium:3.84%;--awb-width-small:100%;--awb-order-small:0;--awb-spacing-right-small:1.92%;--awb-spacing-left-small:1.92%;\"><div class=\"fusion-column-wrapper fusion-column-has-shadow fusion-flex-justify-content-flex-start fusion-content-layout-column\"><div class=\"fusion-title title fusion-title-1 fusion-sep-none fusion-title-text fusion-title-size-three\" style=\"--awb-margin-bottom:30px;--awb-margin-bottom-small:20px;\"><h3 class=\"fusion-title-heading title-heading-left\" style=\"margin:0;\">Ota yhteytt\u00e4!<\/h3><\/div><script type=\"text\/javascript\">\n\/* <![CDATA[ *\/\nvar gform;gform||(document.addEventListener(\"gform_main_scripts_loaded\",function(){gform.scriptsLoaded=!0}),document.addEventListener(\"gform\/theme\/scripts_loaded\",function(){gform.themeScriptsLoaded=!0}),window.addEventListener(\"DOMContentLoaded\",function(){gform.domLoaded=!0}),gform={domLoaded:!1,scriptsLoaded:!1,themeScriptsLoaded:!1,isFormEditor:()=>\"function\"==typeof InitializeEditor,callIfLoaded:function(o){return!(!gform.domLoaded||!gform.scriptsLoaded||!gform.themeScriptsLoaded&&!gform.isFormEditor()||(gform.isFormEditor()&&console.warn(\"The use of gform.initializeOnLoaded() is deprecated in the form editor context and will be removed in Gravity Forms 3.1.\"),o(),0))},initializeOnLoaded:function(o){gform.callIfLoaded(o)||(document.addEventListener(\"gform_main_scripts_loaded\",()=>{gform.scriptsLoaded=!0,gform.callIfLoaded(o)}),document.addEventListener(\"gform\/theme\/scripts_loaded\",()=>{gform.themeScriptsLoaded=!0,gform.callIfLoaded(o)}),window.addEventListener(\"DOMContentLoaded\",()=>{gform.domLoaded=!0,gform.callIfLoaded(o)}))},hooks:{action:{},filter:{}},addAction:function(o,r,e,t){gform.addHook(\"action\",o,r,e,t)},addFilter:function(o,r,e,t){gform.addHook(\"filter\",o,r,e,t)},doAction:function(o){gform.doHook(\"action\",o,arguments)},applyFilters:function(o){return gform.doHook(\"filter\",o,arguments)},removeAction:function(o,r){gform.removeHook(\"action\",o,r)},removeFilter:function(o,r,e){gform.removeHook(\"filter\",o,r,e)},addHook:function(o,r,e,t,n){null==gform.hooks[o][r]&&(gform.hooks[o][r]=[]);var d=gform.hooks[o][r];null==n&&(n=r+\"_\"+d.length),gform.hooks[o][r].push({tag:n,callable:e,priority:t=null==t?10:t})},doHook:function(r,o,e){var t;if(e=Array.prototype.slice.call(e,1),null!=gform.hooks[r][o]&&((o=gform.hooks[r][o]).sort(function(o,r){return o.priority-r.priority}),o.forEach(function(o){\"function\"!=typeof(t=o.callable)&&(t=window[t]),\"action\"==r?t.apply(null,e):e[0]=t.apply(null,e)})),\"filter\"==r)return e[0]},removeHook:function(o,r,t,n){var e;null!=gform.hooks[o][r]&&(e=(e=gform.hooks[o][r]).filter(function(o,r,e){return!!(null!=n&&n!=o.tag||null!=t&&t!=o.priority)}),gform.hooks[o][r]=e)}});\n\/* ]]> *\/\n<\/script>\n\n                <div class='gf_browser_gecko gform_wrapper gravity-theme gform-theme--no-framework' data-form-theme='gravity-theme' data-form-index='0' id='gform_wrapper_7' ><div id='gf_7' class='gform_anchor' tabindex='-1'><\/div>\n                        <div class='gform_heading'>\n\t\t\t\t\t\t\t<p class='gform_required_legend'>&quot;<span class=\"gfield_required gfield_required_asterisk\">*<\/span>&quot; n\u00e4ytt\u00e4\u00e4 pakolliset kent\u00e4t<\/p>\n                        <\/div><form method='post' enctype='multipart\/form-data' target='gform_ajax_frame_7' id='gform_7'  action='\/fi\/wp-json\/wp\/v2\/pages\/535#gf_7' data-formid='7' novalidate>\n                        <div class='gform-body gform_body'><div id='gform_fields_7' class='gform_fields top_label form_sublabel_below description_below validation_below'><div id=\"field_7_9\" class=\"gfield gfield--type-honeypot gform_validation_container field_sublabel_below gfield--has-description field_description_below field_validation_below gfield_visibility_visible\"  ><label class='gfield_label gform-field-label' for='input_7_9'>Email<\/label><div class='ginput_container'><input name='input_9' id='input_7_9' type='text' value='' autocomplete='new-password'\/><\/div><div class='gfield_description' id='gfield_description_7_9'>Kentt\u00e4 on validointitarkoituksiin ja tulee j\u00e4tt\u00e4\u00e4 koskemattomaksi.<\/div><\/div><div id=\"field_7_1\" class=\"gfield gfield--type-text gfield_contains_required field_sublabel_below gfield--no-description field_description_below hidden_label field_validation_below gfield_visibility_visible\"  ><label class='gfield_label gform-field-label' for='input_7_1'>Nimi<span class=\"gfield_required\"><span class=\"gfield_required gfield_required_asterisk\">*<\/span><\/span><\/label><div class='ginput_container ginput_container_text'><input name='input_1' id='input_7_1' type='text' value='' class='large'    placeholder='Nimi*' aria-required=\"true\" aria-invalid=\"false\"   \/><\/div><\/div><div id=\"field_7_3\" class=\"gfield gfield--type-email gfield--width-half gfield_contains_required field_sublabel_below gfield--no-description field_description_below hidden_label field_validation_below gfield_visibility_visible\"  ><label class='gfield_label gform-field-label' for='input_7_3'>Email<span class=\"gfield_required\"><span class=\"gfield_required gfield_required_asterisk\">*<\/span><\/span><\/label><div class='ginput_container ginput_container_email'>\n                            <input name='input_3' id='input_7_3' type='email' value='' class='large'   placeholder='S\u00e4hk\u00f6posti*' aria-required=\"true\" aria-invalid=\"false\"  \/>\n                        <\/div><\/div><div id=\"field_7_4\" class=\"gfield gfield--type-phone gfield--width-half gfield_contains_required field_sublabel_below gfield--no-description field_description_below hidden_label field_validation_below gfield_visibility_visible\"  ><label class='gfield_label gform-field-label' for='input_7_4'>Telefon<span class=\"gfield_required\"><span class=\"gfield_required gfield_required_asterisk\">*<\/span><\/span><\/label><div class='ginput_container ginput_container_phone'><input name='input_4' id='input_7_4' type='tel' value='' class='large'  placeholder='Puhelin' aria-required=\"true\" aria-invalid=\"false\"   \/><\/div><\/div><div id=\"field_7_6\" class=\"gfield gfield--type-textarea gfield_contains_required field_sublabel_below gfield--no-description field_description_below hidden_label field_validation_below gfield_visibility_visible\"  ><label class='gfield_label gform-field-label' for='input_7_6'>Iseloomusta ennast<span class=\"gfield_required\"><span class=\"gfield_required gfield_required_asterisk\">*<\/span><\/span><\/label><div class='ginput_container ginput_container_textarea'><textarea name='input_6' id='input_7_6' class='textarea small'    placeholder='Lyhyt kuvaus*' aria-required=\"true\" aria-invalid=\"false\"   rows='10' cols='50'><\/textarea><\/div><\/div><div id=\"field_7_7\" class=\"gfield gfield--type-fileupload gfield--width-full gfield_contains_required field_sublabel_below gfield--no-description field_description_below field_validation_below gfield_visibility_visible\"  ><label class='gfield_label gform-field-label' for='input_7_7'>Liit\u00e4 ansioluettelo<span class=\"gfield_required\"><span class=\"gfield_required gfield_required_asterisk\">*<\/span><\/span><\/label><div class='ginput_container ginput_container_fileupload'><input type='hidden' name='MAX_FILE_SIZE' value='2097152' \/><input name='input_7' id='input_7_7' type='file' class='large' aria-describedby=\"gfield_upload_rules_7_7\" onchange='javascript:gformValidateFileSize( this, 2097152 );'  \/><span class='gfield_description gform_fileupload_rules' id='gfield_upload_rules_7_7'>Max. tiedoston koko: 2 MB.<\/span><div class='gfield_description validation_message gfield_validation_message validation_message--hidden-on-empty' id='live_validation_message_7_7'><\/div> <\/div><\/div><fieldset id=\"field_7_8\" class=\"gfield gfield--type-consent gfield--type-choice gfield--input-type-consent gfield_contains_required field_sublabel_below gfield--no-description field_description_below hidden_label field_validation_below gfield_visibility_visible\"  ><legend class='gfield_label gform-field-label gfield_label_before_complex' >Consent<span class=\"gfield_required\"><span class=\"gfield_required gfield_required_asterisk\">*<\/span><\/span><\/legend><div class='ginput_container ginput_container_consent'><input name='input_8.1' id='input_7_8_1' type='checkbox' value='1'   aria-required=\"true\" aria-invalid=\"false\"   \/> <label class=\"gform-field-label gform-field-label--type-inline gfield_consent_label\" for='input_7_8_1' >Olen ilmoittanut henkil\u00f6tietoni International WorkForce O\u00dc:lle vapaaehtoisesti saadakseni tietoa minulle sopivista ty\u00f6tarjouksista. International WorkForce O\u00dc ei v\u00e4lit\u00e4 ker\u00e4\u00e4mi\u00e4ns\u00e4 henkil\u00f6tietoja kolmansille osapuolille ilman nimenomaista suostumustani. Minulla on oikeus vaatia henkil\u00f6tietojeni k\u00e4sittelyn lopettamista.<span class=\"gfield_required gfield_required_asterisk\">*<\/span><\/label><input type='hidden' name='input_8.2' value='Olen ilmoittanut henkil\u00f6tietoni International WorkForce O\u00dc:lle vapaaehtoisesti saadakseni tietoa minulle sopivista ty\u00f6tarjouksista. International WorkForce O\u00dc ei v\u00e4lit\u00e4 ker\u00e4\u00e4mi\u00e4ns\u00e4 henkil\u00f6tietoja kolmansille osapuolille ilman nimenomaista suostumustani. Minulla on oikeus vaatia henkil\u00f6tietojeni k\u00e4sittelyn lopettamista.' class='gform_hidden' \/><input type='hidden' name='input_8.3' value='3' class='gform_hidden' \/><\/div><\/fieldset><\/div><\/div>\n        <div class='gform-footer gform_footer top_label'> <input type='submit' id='gform_submit_button_7' class='gform_button button' onclick='gform.submission.handleButtonClick(this);' data-submission-type='submit' value='L\u00e4het\u00e4'  \/> <input type='hidden' name='gform_ajax' value='form_id=7&amp;title=&amp;description=&amp;tabindex=0&amp;theme=gravity-theme&amp;styles=[]&amp;hash=37ffd357faba19d6634f09532e44e696' \/>\n            <input type='hidden' class='gform_hidden' name='gform_submission_method' data-js='gform_submission_method_7' value='iframe' \/>\n            <input type='hidden' class='gform_hidden' name='gform_theme' data-js='gform_theme_7' id='gform_theme_7' value='gravity-theme' \/>\n            <input type='hidden' class='gform_hidden' name='gform_style_settings' data-js='gform_style_settings_7' id='gform_style_settings_7' value='[]' \/>\n            <input type='hidden' class='gform_hidden' name='is_submit_7' value='1' \/>\n            <input type='hidden' class='gform_hidden' name='gform_submit' value='7' \/>\n            \n            <input type='hidden' class='gform_hidden' name='gform_currency' data-currency='EUR' value='7lISJg4bAj+1FBJKSgjvb9CGxCYlJI0iv1R1AR49s3e5Nda\/NvDN2GugHPBpsfF2oz5UXHc2gyr7F9ewsRD+PBmjUPnW1PQz5stfzXLrR6Vmg\/w=' \/>\n            <input type='hidden' class='gform_hidden' name='gform_unique_id' value='' \/>\n            <input type='hidden' class='gform_hidden' name='state_7' value='WyJ7XCI4LjFcIjpcIjQwYzQyYzgzNDVmNjNkOWY4NGIwNTYwNzY5ZDkwMzZiXCIsXCI4LjJcIjpcImRlYzIxMGE4YTY0NWNhNmU0MDU0MzE0Yzk0NGIyOGEwXCIsXCI4LjNcIjpcImY1NWNkNWFlMGM4ODhhN2UxNzU3ZjYwMTE5YWViNTU5XCJ9IiwiNWVlNmQ4NmM1MjUyODZhNTI5ZmY5ODRkODRjZmM1OTgiXQ==' \/>\n            <input type='hidden' autocomplete='off' class='gform_hidden' name='gform_target_page_number_7' id='gform_target_page_number_7' value='0' \/>\n            <input type='hidden' autocomplete='off' class='gform_hidden' name='gform_source_page_number_7' id='gform_source_page_number_7' value='1' \/>\n            <input type='hidden' name='gform_field_values' value='' \/>\n            \n        <\/div>\n                        <\/form>\n                        <\/div>\n\t\t                <iframe style='display:none;width:0px;height:0px;' src='about:blank' name='gform_ajax_frame_7' id='gform_ajax_frame_7' title='This iframe contains the logic required to handle Ajax powered Gravity Forms.'><\/iframe>\n\t\t                <script type=\"text\/javascript\">\n\/* <![CDATA[ *\/\n gform.initializeOnLoaded( function() {gformInitSpinner( 7, 'https:\/\/workforce.ee\/wp-content\/plugins\/gravityforms\/images\/spinner.svg', true );jQuery('#gform_ajax_frame_7').on('load',function(){var contents = jQuery(this).contents().find('*').html();var is_postback = contents.indexOf('GF_AJAX_POSTBACK') >= 0;if(!is_postback){return;}var form_content = jQuery(this).contents().find('#gform_wrapper_7');var is_confirmation = jQuery(this).contents().find('#gform_confirmation_wrapper_7').length > 0;var is_redirect = contents.indexOf('gformRedirect(){') >= 0;var is_form = form_content.length > 0 && ! is_redirect && ! is_confirmation;var mt = parseInt(jQuery('html').css('margin-top'), 10) + parseInt(jQuery('body').css('margin-top'), 10) + 100;if(is_form){jQuery('#gform_wrapper_7').html(form_content.html());if(form_content.hasClass('gform_validation_error')){jQuery('#gform_wrapper_7').addClass('gform_validation_error');} else {jQuery('#gform_wrapper_7').removeClass('gform_validation_error');}setTimeout( function() { \/* delay the scroll by 50 milliseconds to fix a bug in chrome *\/ jQuery(document).scrollTop(jQuery('#gform_wrapper_7').offset().top - mt); }, 50 );if(window['gformInitDatepicker']) {gformInitDatepicker();}if(window['gformInitPriceFields']) {gformInitPriceFields();}var current_page = jQuery('#gform_source_page_number_7').val();gformInitSpinner( 7, 'https:\/\/workforce.ee\/wp-content\/plugins\/gravityforms\/images\/spinner.svg', true );jQuery(document).trigger('gform_page_loaded', [7, current_page]);window['gf_submitting_7'] = false;}else if(!is_redirect){var confirmation_content = jQuery(this).contents().find('.GF_AJAX_POSTBACK').html();if(!confirmation_content){confirmation_content = contents;}jQuery('#gform_wrapper_7').replaceWith(confirmation_content);jQuery(document).scrollTop(jQuery('#gf_7').offset().top - mt);jQuery(document).trigger('gform_confirmation_loaded', [7]);window['gf_submitting_7'] = false;wp.a11y.speak(jQuery('#gform_confirmation_message_7').text());}else{jQuery('#gform_7').append(contents);if(window['gformRedirect']) {gformRedirect();}}jQuery(document).trigger(\"gform_pre_post_render\", [{ formId: \"7\", currentPage: \"current_page\", abort: function() { this.preventDefault(); } }]);        if (event && event.defaultPrevented) {                return;        }        const gformWrapperDiv = document.getElementById( \"gform_wrapper_7\" );        if ( gformWrapperDiv ) {            const visibilitySpan = document.createElement( \"span\" );            visibilitySpan.id = \"gform_visibility_test_7\";            gformWrapperDiv.insertAdjacentElement( \"afterend\", visibilitySpan );        }        const visibilityTestDiv = document.getElementById( \"gform_visibility_test_7\" );        let postRenderFired = false;        function triggerPostRender() {            if ( postRenderFired ) {                return;            }            postRenderFired = true;            gform.core.triggerPostRenderEvents( 7, current_page );            if ( visibilityTestDiv ) {                visibilityTestDiv.parentNode.removeChild( visibilityTestDiv );            }        }        function debounce( func, wait, immediate ) {            var timeout;            return function() {                var context = this, args = arguments;                var later = function() {                    timeout = null;                    if ( !immediate ) func.apply( context, args );                };                var callNow = immediate && !timeout;                clearTimeout( timeout );                timeout = setTimeout( later, wait );                if ( callNow ) func.apply( context, args );            };        }        const debouncedTriggerPostRender = debounce( function() {            triggerPostRender();        }, 200 );        if ( visibilityTestDiv && visibilityTestDiv.offsetParent === null ) {            const observer = new MutationObserver( ( mutations ) => {                mutations.forEach( ( mutation ) => {                    if ( mutation.type === 'attributes' && visibilityTestDiv.offsetParent !== null ) {                        debouncedTriggerPostRender();                        observer.disconnect();                    }                });            });            observer.observe( document.body, {                attributes: true,                childList: false,                subtree: true,                attributeFilter: [ 'style', 'class' ],            });        } else {            triggerPostRender();        }    } );} ); \n\/* ]]> *\/\n<\/script>\n<\/div><\/div><\/div><\/div><\/p>\n","protected":false},"excerpt":{"rendered":"","protected":false},"author":1,"featured_media":0,"parent":0,"menu_order":0,"comment_status":"closed","ping_status":"closed","template":"100-width.php","meta":{"footnotes":""},"class_list":["post-535","page","type-page","status-publish","hentry"],"_links":{"self":[{"href":"https:\/\/workforce.ee\/fi\/wp-json\/wp\/v2\/pages\/535","targetHints":{"allow":["GET"]}}],"collection":[{"href":"https:\/\/workforce.ee\/fi\/wp-json\/wp\/v2\/pages"}],"about":[{"href":"https:\/\/workforce.ee\/fi\/wp-json\/wp\/v2\/types\/page"}],"author":[{"embeddable":true,"href":"https:\/\/workforce.ee\/fi\/wp-json\/wp\/v2\/users\/1"}],"replies":[{"embeddable":true,"href":"https:\/\/workforce.ee\/fi\/wp-json\/wp\/v2\/comments?post=535"}],"version-history":[{"count":3,"href":"https:\/\/workforce.ee\/fi\/wp-json\/wp\/v2\/pages\/535\/revisions"}],"predecessor-version":[{"id":556,"href":"https:\/\/workforce.ee\/fi\/wp-json\/wp\/v2\/pages\/535\/revisions\/556"}],"wp:attachment":[{"href":"https:\/\/workforce.ee\/fi\/wp-json\/wp\/v2\/media?parent=535"}],"curies":[{"name":"wp","href":"https:\/\/api.w.org\/{rel}","templated":true}]}}