{"id":761,"date":"2023-01-26T14:58:10","date_gmt":"2023-01-26T14:58:10","guid":{"rendered":"https:\/\/workforce.ee\/darbo-ieskantis-asmuo\/"},"modified":"2024-08-05T11:12:21","modified_gmt":"2024-08-05T11:12:21","slug":"darbo-ieskantis-asmuo","status":"publish","type":"page","link":"https:\/\/workforce.ee\/lt\/darbo-ieskantis-asmuo\/","title":{"rendered":"Darbo ie\u0161kantis asmuo"},"content":{"rendered":"<p><div class=\"fusion-fullwidth fullwidth-box fusion-builder-row-1 fusion-flex-container has-pattern-background has-mask-background nonhundred-percent-fullwidth non-hundred-percent-height-scrolling\" style=\"--awb-border-radius-top-left:0px;--awb-border-radius-top-right:0px;--awb-border-radius-bottom-right:0px;--awb-border-radius-bottom-left:0px;--awb-flex-wrap:wrap;\" ><div class=\"fusion-builder-row fusion-row fusion-flex-align-items-flex-start fusion-flex-content-wrap\" style=\"max-width:1248px;margin-left: calc(-4% \/ 2 );margin-right: calc(-4% \/ 2 );\"><div class=\"fusion-layout-column fusion_builder_column fusion-builder-column-0 fusion_builder_column_3_5 3_5 fusion-flex-column fusion-animated\" style=\"--awb-bg-size:cover;--awb-width-large:60%;--awb-margin-top-large:0px;--awb-spacing-right-large:3.2%;--awb-margin-bottom-large:20px;--awb-spacing-left-large:3.2%;--awb-width-medium:60%;--awb-order-medium:0;--awb-spacing-right-medium:3.2%;--awb-spacing-left-medium:3.2%;--awb-width-small:100%;--awb-order-small:0;--awb-spacing-right-small:1.92%;--awb-spacing-left-small:1.92%;\" data-animationType=\"fadeInLeft\" data-animationDuration=\"0.6\" data-animationOffset=\"top-into-view\"><div class=\"fusion-column-wrapper fusion-column-has-shadow fusion-flex-justify-content-flex-start fusion-content-layout-column\"><div class=\"fusion-text fusion-text-1\"><h2>Kuo darbuotoj\u0173 nuoma skiriasi nuo vadinamojo \u012fprasto darbo?<\/h2>\n<p>Laikiniesiems darbuotojams si\u016blomos sutartys paprastai yra trumpesn\u0117s nei \u012fprastos darbo sutartys, ta\u010diau tai nerei\u0161kia, kad laikinasis darbas yra ma\u017eiau patikimas. Laikinojo \u012fdarbinimo privalumas yra tas, kad pasibaigus vienam darbui, darbuotojui greitai pasi\u016blomas kitas. Kai pradedate dirbti laikinojo \u012fdarbinimo agent\u016broje, ji j\u016bs\u0173 vardu pasira\u0161o darbo sutartis, pasir\u016bpina visais j\u016bs\u0173 mokes\u010diais ir padeda rasti nauj\u0105 darb\u0105.<br \/>\nLaikinasis \u012fdarbinimas suteikia galimyb\u0119 i\u0161mokti nauj\u0173 dalyk\u0173 ir i\u0161bandyti skirtingus darbus \u012fvairiose \u012fmon\u0117se. Daugelis \u017emoni\u0173 galvoja, kad j\u0173 gyvenimo apra\u0161ymuose bus nurodyta pernelyg daug darb\u0173 ir potencial\u016bs darbdaviai nustos \u012f juos \u017ei\u016br\u0117ti rimtai. I\u0161 tikr\u0173j\u0173 patirties \u012fvairov\u0117 yra labai vertinama. Tie, kurie gerai pasirodo kaip laikinieji darbuotojai, niekada nelieka be darbo.<\/p>\n<\/div><\/div><\/div><div class=\"fusion-layout-column fusion_builder_column fusion-builder-column-1 fusion_builder_column_2_5 2_5 fusion-flex-column fusion-animated\" style=\"--awb-bg-size:cover;--awb-width-large:40%;--awb-margin-top-large:0px;--awb-spacing-right-large:4.8%;--awb-margin-bottom-large:20px;--awb-spacing-left-large:4.8%;--awb-width-medium:40%;--awb-order-medium:0;--awb-spacing-right-medium:4.8%;--awb-spacing-left-medium:4.8%;--awb-width-small:100%;--awb-order-small:0;--awb-spacing-right-small:1.92%;--awb-spacing-left-small:1.92%;\" data-animationType=\"fadeInRight\" data-animationDuration=\"0.7\" data-animationOffset=\"top-into-view\"><div class=\"fusion-column-wrapper fusion-column-has-shadow fusion-flex-justify-content-flex-start fusion-content-layout-column\"><div class=\"fusion-lottie fusion-lottie-1\" data-id=\"1\"><div class=\"fusion-lottie-animation\" data-path=\"https:\/\/workforce.ee\/wp-content\/uploads\/2023\/02\/S6CHyNA4P7.json\" data-loop=\"1\" data-reverse=\"0\" data-speed=\"0.7\" data-trigger=\"none\" data-start_point=\"0\" data-end_point=\"100\"><lottie-player loop=\"1\" speed=\"0.7\"><\/lottie-player><\/div><\/div><\/div><\/div><\/div><\/div><div class=\"fusion-fullwidth fullwidth-box fusion-builder-row-2 fusion-flex-container has-pattern-background has-mask-background nonhundred-percent-fullwidth non-hundred-percent-height-scrolling fusion-animated\" style=\"--awb-border-radius-top-left:0px;--awb-border-radius-top-right:0px;--awb-border-radius-bottom-right:0px;--awb-border-radius-bottom-left:0px;--awb-flex-wrap:wrap;\" data-animationType=\"fadeInUp\" data-animationDuration=\"0.7\" data-animationOffset=\"top-into-view\" ><div class=\"fusion-builder-row fusion-row fusion-flex-align-items-flex-start fusion-flex-content-wrap\" style=\"max-width:1248px;margin-left: calc(-4% \/ 2 );margin-right: calc(-4% \/ 2 );\"><div class=\"fusion-layout-column fusion_builder_column fusion-builder-column-2 fusion_builder_column_1_2 1_2 fusion-flex-column\" style=\"--awb-bg-size:cover;--awb-width-large:50%;--awb-margin-top-large:0px;--awb-spacing-right-large:3.84%;--awb-margin-bottom-large:20px;--awb-spacing-left-large:3.84%;--awb-width-medium:50%;--awb-order-medium:0;--awb-spacing-right-medium:3.84%;--awb-spacing-left-medium:3.84%;--awb-width-small:100%;--awb-order-small:0;--awb-spacing-right-small:1.92%;--awb-spacing-left-small:1.92%;\"><div class=\"fusion-column-wrapper fusion-column-has-shadow fusion-flex-justify-content-flex-start fusion-content-layout-column\"><div class=\"fusion-text fusion-text-2 fusion-text-no-margin\" style=\"--awb-margin-bottom:30px;\"><h3>Koks asmuo yra tinkamas tapti laikinuoju darbuotoju?<\/h3>\n<p>Gerais laikinaisiais darbuotojais tampa tie, kurie geba greitai prisitaikyti prie nauj\u0173 aplinkybi\u0173, yra komunikabil\u016bs ir patikimi. Labai da\u017enai galima sulaukti net nuolatinio darbo pasi\u016blymo.<\/p>\n<h3>Kokie yra kiti laikinojo \u012fdarbinimo privalumai?<\/h3>\n<p>Darbdaviams lengva ir patogu i\u0161siai\u0161kinti, kaip laikinajam darbuotojui sekasi dirbti, ir tada pasi\u016blyti jam nuolatin\u012f darb\u0105.<\/p>\n<\/div><div class=\"fusion-text fusion-text-3\"><p><strong>UAB &#8222;International Workforce OU&#8221;<\/strong><br \/>\nAdresas: Vilnius, A. Gustai\u010dio g. 23-255A, LT-02189<\/p>\n<\/div><ul style=\"--awb-size:18px;--awb-iconcolor:var(--awb-custom_color_4);--awb-line-height:30.6px;--awb-icon-width:30.6px;--awb-icon-height:30.6px;--awb-icon-margin:12.6px;--awb-content-margin:43.2px;\" class=\"fusion-checklist fusion-checklist-1 fusion-checklist-default type-icons\"><li class=\"fusion-li-item\" style=\"\"><span class=\"icon-wrapper circle-no\"><i class=\"fusion-li-icon fa-envelope fas\" aria-hidden=\"true\"><\/i><\/span><div class=\"fusion-li-item-content\"><a href=\"mailto:lithuania@workforce.ee\">lithuania@workforce.ee<\/a><\/div><\/li><li class=\"fusion-li-item\" style=\"\"><span class=\"icon-wrapper circle-no\"><i class=\"fusion-li-icon fa-phone-alt fas\" aria-hidden=\"true\"><\/i><\/span><div class=\"fusion-li-item-content\"><a href=\"tel:+370 624 98 373\">+370 624 98 373<\/a><\/div><\/li><\/ul><\/div><\/div><div class=\"fusion-layout-column fusion_builder_column fusion-builder-column-3 fusion_builder_column_1_2 1_2 fusion-flex-column\" style=\"--awb-bg-size:cover;--awb-width-large:50%;--awb-margin-top-large:0px;--awb-spacing-right-large:3.84%;--awb-margin-bottom-large:20px;--awb-spacing-left-large:3.84%;--awb-width-medium:50%;--awb-order-medium:0;--awb-spacing-right-medium:3.84%;--awb-spacing-left-medium:3.84%;--awb-width-small:100%;--awb-order-small:0;--awb-spacing-right-small:1.92%;--awb-spacing-left-small:1.92%;\"><div class=\"fusion-column-wrapper fusion-column-has-shadow fusion-flex-justify-content-flex-start fusion-content-layout-column\"><div class=\"fusion-title title fusion-title-1 fusion-sep-none fusion-title-text fusion-title-size-three\" style=\"--awb-margin-bottom:30px;--awb-margin-bottom-small:20px;\"><h3 class=\"fusion-title-heading title-heading-left\" style=\"margin:0;\">Si\u0173skite mums savo duomenis!<\/h3><\/div><script type=\"text\/javascript\">\n\/* <![CDATA[ *\/\nvar gform;gform||(document.addEventListener(\"gform_main_scripts_loaded\",function(){gform.scriptsLoaded=!0}),document.addEventListener(\"gform\/theme\/scripts_loaded\",function(){gform.themeScriptsLoaded=!0}),window.addEventListener(\"DOMContentLoaded\",function(){gform.domLoaded=!0}),gform={domLoaded:!1,scriptsLoaded:!1,themeScriptsLoaded:!1,isFormEditor:()=>\"function\"==typeof InitializeEditor,callIfLoaded:function(o){return!(!gform.domLoaded||!gform.scriptsLoaded||!gform.themeScriptsLoaded&&!gform.isFormEditor()||(gform.isFormEditor()&&console.warn(\"The use of gform.initializeOnLoaded() is deprecated in the form editor context and will be removed in Gravity Forms 3.1.\"),o(),0))},initializeOnLoaded:function(o){gform.callIfLoaded(o)||(document.addEventListener(\"gform_main_scripts_loaded\",()=>{gform.scriptsLoaded=!0,gform.callIfLoaded(o)}),document.addEventListener(\"gform\/theme\/scripts_loaded\",()=>{gform.themeScriptsLoaded=!0,gform.callIfLoaded(o)}),window.addEventListener(\"DOMContentLoaded\",()=>{gform.domLoaded=!0,gform.callIfLoaded(o)}))},hooks:{action:{},filter:{}},addAction:function(o,r,e,t){gform.addHook(\"action\",o,r,e,t)},addFilter:function(o,r,e,t){gform.addHook(\"filter\",o,r,e,t)},doAction:function(o){gform.doHook(\"action\",o,arguments)},applyFilters:function(o){return gform.doHook(\"filter\",o,arguments)},removeAction:function(o,r){gform.removeHook(\"action\",o,r)},removeFilter:function(o,r,e){gform.removeHook(\"filter\",o,r,e)},addHook:function(o,r,e,t,n){null==gform.hooks[o][r]&&(gform.hooks[o][r]=[]);var d=gform.hooks[o][r];null==n&&(n=r+\"_\"+d.length),gform.hooks[o][r].push({tag:n,callable:e,priority:t=null==t?10:t})},doHook:function(r,o,e){var t;if(e=Array.prototype.slice.call(e,1),null!=gform.hooks[r][o]&&((o=gform.hooks[r][o]).sort(function(o,r){return o.priority-r.priority}),o.forEach(function(o){\"function\"!=typeof(t=o.callable)&&(t=window[t]),\"action\"==r?t.apply(null,e):e[0]=t.apply(null,e)})),\"filter\"==r)return e[0]},removeHook:function(o,r,t,n){var e;null!=gform.hooks[o][r]&&(e=(e=gform.hooks[o][r]).filter(function(o,r,e){return!!(null!=n&&n!=o.tag||null!=t&&t!=o.priority)}),gform.hooks[o][r]=e)}});\n\/* ]]> *\/\n<\/script>\n\n                <div class='gf_browser_gecko gform_wrapper gravity-theme gform-theme--no-framework' data-form-theme='gravity-theme' data-form-index='0' id='gform_wrapper_10' ><div id='gf_10' class='gform_anchor' tabindex='-1'><\/div>\n                        <div class='gform_heading'>\n\t\t\t\t\t\t\t<p class='gform_required_legend'>&quot;<span class=\"gfield_required gfield_required_asterisk\">*<\/span>&quot; indicates required fields<\/p>\n                        <\/div><form method='post' enctype='multipart\/form-data' target='gform_ajax_frame_10' id='gform_10'  action='\/lt\/wp-json\/wp\/v2\/pages\/761#gf_10' data-formid='10' novalidate>\n                        <div class='gform-body gform_body'><div id='gform_fields_10' class='gform_fields top_label form_sublabel_below description_below validation_below'><div id=\"field_10_9\" class=\"gfield gfield--type-honeypot gform_validation_container field_sublabel_below gfield--has-description field_description_below field_validation_below gfield_visibility_visible\"  ><label class='gfield_label gform-field-label' for='input_10_9'>Phone<\/label><div class='ginput_container'><input name='input_9' id='input_10_9' type='text' value='' autocomplete='new-password'\/><\/div><div class='gfield_description' id='gfield_description_10_9'>This field is for validation purposes and should be left unchanged.<\/div><\/div><div id=\"field_10_1\" class=\"gfield gfield--type-text gfield--input-type-text gfield_contains_required field_sublabel_below gfield--no-description field_description_below hidden_label field_validation_below gfield_visibility_visible\"  ><label class='gfield_label gform-field-label' for='input_10_1'>Nimi<span class=\"gfield_required\"><span class=\"gfield_required gfield_required_asterisk\">*<\/span><\/span><\/label><div class='ginput_container ginput_container_text'><input name='input_1' id='input_10_1' type='text' value='' class='large'    placeholder='Vardas ir pavard\u0117*' aria-required=\"true\" aria-invalid=\"false\"   \/><\/div><\/div><div id=\"field_10_3\" class=\"gfield gfield--type-email gfield--input-type-email gfield--width-half gfield_contains_required field_sublabel_below gfield--no-description field_description_below hidden_label field_validation_below gfield_visibility_visible\"  ><label class='gfield_label gform-field-label' for='input_10_3'>Email<span class=\"gfield_required\"><span class=\"gfield_required gfield_required_asterisk\">*<\/span><\/span><\/label><div class='ginput_container ginput_container_email'>\n                            <input name='input_3' id='input_10_3' type='email' value='' class='large'   placeholder='El. pa\u0161tas*' aria-required=\"true\" aria-invalid=\"false\"  \/>\n                        <\/div><\/div><div id=\"field_10_4\" class=\"gfield gfield--type-phone gfield--input-type-phone gfield--width-half gfield_contains_required field_sublabel_below gfield--no-description field_description_below hidden_label field_validation_below gfield_visibility_visible\"  ><label class='gfield_label gform-field-label' for='input_10_4'>Telefon<span class=\"gfield_required\"><span class=\"gfield_required gfield_required_asterisk\">*<\/span><\/span><\/label><div class='ginput_container ginput_container_phone'><input name='input_4' id='input_10_4' type='tel' value='' class='large'  placeholder='Telefonas' aria-required=\"true\" aria-invalid=\"false\"   \/><\/div><\/div><div id=\"field_10_6\" class=\"gfield gfield--type-textarea gfield--input-type-textarea gfield_contains_required field_sublabel_below gfield--no-description field_description_below hidden_label field_validation_below gfield_visibility_visible\"  ><label class='gfield_label gform-field-label' for='input_10_6'>Iseloomusta ennast<span class=\"gfield_required\"><span class=\"gfield_required gfield_required_asterisk\">*<\/span><\/span><\/label><div class='ginput_container ginput_container_textarea'><textarea name='input_6' id='input_10_6' class='textarea small'    placeholder='Apib\u016bdinkite save keliais \u017eod\u017eiais*' aria-required=\"true\" aria-invalid=\"false\"   rows='10' cols='50'><\/textarea><\/div><\/div><div id=\"field_10_7\" class=\"gfield gfield--type-fileupload gfield--input-type-fileupload gfield--width-full gfield_contains_required field_sublabel_below gfield--no-description field_description_below field_validation_below gfield_visibility_visible\"  ><label class='gfield_label gform-field-label' for='input_10_7'>Prid\u0117kite savo gyvenimo apra\u0161ym\u0105<span class=\"gfield_required\"><span class=\"gfield_required gfield_required_asterisk\">*<\/span><\/span><\/label><div class='ginput_container ginput_container_fileupload'><input type='hidden' name='MAX_FILE_SIZE' value='2097152' \/><input name='input_7' id='input_10_7' type='file' class='large' aria-describedby=\"gfield_upload_rules_10_7\" onchange='javascript:gformValidateFileSize( this, 2097152 );'  \/><span class='gfield_description gform_fileupload_rules' id='gfield_upload_rules_10_7'>Max. file size: 2 MB.<\/span><div class='gfield_description validation_message gfield_validation_message validation_message--hidden-on-empty' id='live_validation_message_10_7'><\/div> <\/div><\/div><fieldset id=\"field_10_8\" class=\"gfield gfield--type-consent gfield--type-choice gfield--input-type-consent gfield_contains_required field_sublabel_below gfield--no-description field_description_below hidden_label field_validation_below gfield_visibility_visible\"  ><legend class='gfield_label gform-field-label gfield_label_before_complex' >Consent<span class=\"gfield_required\"><span class=\"gfield_required gfield_required_asterisk\">*<\/span><\/span><\/legend><div class='ginput_container ginput_container_consent'><input name='input_8.1' id='input_10_8_1' type='checkbox' value='1'   aria-required=\"true\" aria-invalid=\"false\"   \/> <label class=\"gform-field-label gform-field-label--type-inline gfield_consent_label\" for='input_10_8_1' >Savo asmens duomenis \u201eInternational WorkForce\u201c O\u00dc pateikiau savanori\u0161kai, kad gal\u0117\u010diau gauti informacij\u0105 apie man tinkamus darbo pasi\u016blymus. \u201eInternational WorkForce\u201c O\u00dc be mano papildomo sutikimo neatskleis surinkt\u0173 asmens duomen\u0173 tre\u010diosioms \u0161alims. Turiu teis\u0119 bet kuriuo metu pra\u0161yti nutraukti mano asmens duomen\u0173 tvarkym\u0105.<span class=\"gfield_required gfield_required_asterisk\">*<\/span><\/label><input type='hidden' name='input_8.2' value='Savo asmens duomenis \u201eInternational WorkForce\u201c O\u00dc pateikiau savanori\u0161kai, kad gal\u0117\u010diau gauti informacij\u0105 apie man tinkamus darbo pasi\u016blymus. \u201eInternational WorkForce\u201c O\u00dc be mano papildomo sutikimo neatskleis surinkt\u0173 asmens duomen\u0173 tre\u010diosioms \u0161alims. Turiu teis\u0119 bet kuriuo metu pra\u0161yti nutraukti mano asmens duomen\u0173 tvarkym\u0105.' class='gform_hidden' \/><input type='hidden' name='input_8.3' value='5' class='gform_hidden' \/><\/div><\/fieldset><\/div><\/div>\n        <div class='gform-footer gform_footer top_label'> <input type='submit' id='gform_submit_button_10' class='gform_button button' onclick='gform.submission.handleButtonClick(this);' data-submission-type='submit' value='Si\u0173sti'  \/> <input type='hidden' name='gform_ajax' value='form_id=10&amp;title=&amp;description=&amp;tabindex=0&amp;theme=gravity-theme&amp;styles=[]&amp;hash=efa72ee99cc9ff94c0f36230cd956377' \/>\n            <input type='hidden' class='gform_hidden' name='gform_submission_method' data-js='gform_submission_method_10' value='iframe' \/>\n            <input type='hidden' class='gform_hidden' name='gform_theme' data-js='gform_theme_10' id='gform_theme_10' value='gravity-theme' \/>\n            <input type='hidden' class='gform_hidden' name='gform_style_settings' data-js='gform_style_settings_10' id='gform_style_settings_10' value='[]' \/>\n            <input type='hidden' class='gform_hidden' name='is_submit_10' value='1' \/>\n            <input type='hidden' class='gform_hidden' name='gform_submit' value='10' \/>\n            \n            <input type='hidden' class='gform_hidden' name='gform_currency' data-currency='EUR' value='WHjKnHnyEV8c1+p8J04RAfaHKCaZmYHQfTEK1dE4RpS+n7tHb\/5PTA\/Mxi7GN77CxBrBsmt5Md\/lfMBLKtCD+lOgk8xpsE5p6wRaOEKdUPe1vgo=' \/>\n            <input type='hidden' class='gform_hidden' name='gform_unique_id' value='' \/>\n            <input type='hidden' class='gform_hidden' name='state_10' value='WyJ7XCI4LjFcIjpcIjQwYzQyYzgzNDVmNjNkOWY4NGIwNTYwNzY5ZDkwMzZiXCIsXCI4LjJcIjpcIjNkYmMzYWMzOGZkMzE0ZjQ4MTRkYmMzZGNiYmM2MTIwXCIsXCI4LjNcIjpcImI3MDk5YzRkZTU2ZWI0MjgwZWNlMGQ0NTI5MGU4M2Y3XCJ9IiwiODE3MTQyYjMyOGU2YWQxODJiNmJiOTFmNDJiNTkwOTYiXQ==' \/>\n            <input type='hidden' autocomplete='off' class='gform_hidden' name='gform_target_page_number_10' id='gform_target_page_number_10' value='0' \/>\n            <input type='hidden' autocomplete='off' class='gform_hidden' name='gform_source_page_number_10' id='gform_source_page_number_10' value='1' \/>\n            <input type='hidden' name='gform_field_values' value='' \/>\n            \n        <\/div>\n                        <\/form>\n                        <\/div>\n\t\t                <iframe style='display:none;width:0px;height:0px;' src='about:blank' name='gform_ajax_frame_10' id='gform_ajax_frame_10' title='This iframe contains the logic required to handle Ajax powered Gravity Forms.'><\/iframe>\n\t\t                <script type=\"text\/javascript\">\n\/* <![CDATA[ *\/\n gform.initializeOnLoaded( function() {gformInitSpinner( 10, 'https:\/\/workforce.ee\/wp-content\/plugins\/gravityforms\/images\/spinner.svg', true );jQuery('#gform_ajax_frame_10').on('load',function(){var contents = jQuery(this).contents().find('*').html();var is_postback = contents.indexOf('GF_AJAX_POSTBACK') >= 0;if(!is_postback){return;}var form_content = jQuery(this).contents().find('#gform_wrapper_10');var is_confirmation = jQuery(this).contents().find('#gform_confirmation_wrapper_10').length > 0;var is_redirect = contents.indexOf('gformRedirect(){') >= 0;var is_form = form_content.length > 0 && ! is_redirect && ! is_confirmation;var mt = parseInt(jQuery('html').css('margin-top'), 10) + parseInt(jQuery('body').css('margin-top'), 10) + 100;if(is_form){jQuery('#gform_wrapper_10').html(form_content.html());if(form_content.hasClass('gform_validation_error')){jQuery('#gform_wrapper_10').addClass('gform_validation_error');} else {jQuery('#gform_wrapper_10').removeClass('gform_validation_error');}setTimeout( function() { \/* delay the scroll by 50 milliseconds to fix a bug in chrome *\/ jQuery(document).scrollTop(jQuery('#gform_wrapper_10').offset().top - mt); }, 50 );if(window['gformInitDatepicker']) {gformInitDatepicker();}if(window['gformInitPriceFields']) {gformInitPriceFields();}var current_page = jQuery('#gform_source_page_number_10').val();gformInitSpinner( 10, 'https:\/\/workforce.ee\/wp-content\/plugins\/gravityforms\/images\/spinner.svg', true );jQuery(document).trigger('gform_page_loaded', [10, current_page]);window['gf_submitting_10'] = false;}else if(!is_redirect){var confirmation_content = jQuery(this).contents().find('.GF_AJAX_POSTBACK').html();if(!confirmation_content){confirmation_content = contents;}jQuery('#gform_wrapper_10').replaceWith(confirmation_content);jQuery(document).scrollTop(jQuery('#gf_10').offset().top - mt);jQuery(document).trigger('gform_confirmation_loaded', [10]);window['gf_submitting_10'] = false;wp.a11y.speak(jQuery('#gform_confirmation_message_10').text());}else{jQuery('#gform_10').append(contents);if(window['gformRedirect']) {gformRedirect();}}jQuery(document).trigger(\"gform_pre_post_render\", [{ formId: \"10\", currentPage: \"current_page\", abort: function() { this.preventDefault(); } }]);        if (event && event.defaultPrevented) {                return;        }        const gformWrapperDiv = document.getElementById( \"gform_wrapper_10\" );        if ( gformWrapperDiv ) {            const visibilitySpan = document.createElement( \"span\" );            visibilitySpan.id = \"gform_visibility_test_10\";            gformWrapperDiv.insertAdjacentElement( \"afterend\", visibilitySpan );        }        const visibilityTestDiv = document.getElementById( \"gform_visibility_test_10\" );        let postRenderFired = false;        function triggerPostRender() {            if ( postRenderFired ) {                return;            }            postRenderFired = true;            gform.core.triggerPostRenderEvents( 10, current_page );            if ( visibilityTestDiv ) {                visibilityTestDiv.parentNode.removeChild( visibilityTestDiv );            }        }        function debounce( func, wait, immediate ) {            var timeout;            return function() {                var context = this, args = arguments;                var later = function() {                    timeout = null;                    if ( !immediate ) func.apply( context, args );                };                var callNow = immediate && !timeout;                clearTimeout( timeout );                timeout = setTimeout( later, wait );                if ( callNow ) func.apply( context, args );            };        }        const debouncedTriggerPostRender = debounce( function() {            triggerPostRender();        }, 200 );        if ( visibilityTestDiv && visibilityTestDiv.offsetParent === null ) {            const observer = new MutationObserver( ( mutations ) => {                mutations.forEach( ( mutation ) => {                    if ( mutation.type === 'attributes' && visibilityTestDiv.offsetParent !== null ) {                        debouncedTriggerPostRender();                        observer.disconnect();                    }                });            });            observer.observe( document.body, {                attributes: true,                childList: false,                subtree: true,                attributeFilter: [ 'style', 'class' ],            });        } else {            triggerPostRender();        }    } );} ); \n\/* ]]> *\/\n<\/script>\n<\/div><\/div><\/div><\/div><\/p>\n","protected":false},"excerpt":{"rendered":"","protected":false},"author":1,"featured_media":0,"parent":0,"menu_order":0,"comment_status":"closed","ping_status":"closed","template":"100-width.php","meta":{"footnotes":""},"class_list":["post-761","page","type-page","status-publish","hentry"],"_links":{"self":[{"href":"https:\/\/workforce.ee\/lt\/wp-json\/wp\/v2\/pages\/761","targetHints":{"allow":["GET"]}}],"collection":[{"href":"https:\/\/workforce.ee\/lt\/wp-json\/wp\/v2\/pages"}],"about":[{"href":"https:\/\/workforce.ee\/lt\/wp-json\/wp\/v2\/types\/page"}],"author":[{"embeddable":true,"href":"https:\/\/workforce.ee\/lt\/wp-json\/wp\/v2\/users\/1"}],"replies":[{"embeddable":true,"href":"https:\/\/workforce.ee\/lt\/wp-json\/wp\/v2\/comments?post=761"}],"version-history":[{"count":4,"href":"https:\/\/workforce.ee\/lt\/wp-json\/wp\/v2\/pages\/761\/revisions"}],"predecessor-version":[{"id":808,"href":"https:\/\/workforce.ee\/lt\/wp-json\/wp\/v2\/pages\/761\/revisions\/808"}],"wp:attachment":[{"href":"https:\/\/workforce.ee\/lt\/wp-json\/wp\/v2\/media?parent=761"}],"curies":[{"name":"wp","href":"https:\/\/api.w.org\/{rel}","templated":true}]}}