{"id":787,"date":"2023-01-20T09:28:02","date_gmt":"2023-01-20T09:28:02","guid":{"rendered":"https:\/\/workforce.ee\/home\/"},"modified":"2024-08-05T07:45:06","modified_gmt":"2024-08-05T07:45:06","slug":"home","status":"publish","type":"page","link":"https:\/\/workforce.ee\/lt\/","title":{"rendered":"Home"},"content":{"rendered":"<p><div class=\"fusion-fullwidth fullwidth-box fusion-builder-row-1 fusion-flex-container has-pattern-background has-mask-background nonhundred-percent-fullwidth non-hundred-percent-height-scrolling fusion-animated\" style=\"--awb-border-radius-top-left:0px;--awb-border-radius-top-right:0px;--awb-border-radius-bottom-right:0px;--awb-border-radius-bottom-left:0px;--awb-margin-top:40px;--awb-flex-wrap:wrap;\" data-animationType=\"fadeInLeft\" data-animationDuration=\"0.7\" data-animationOffset=\"top-into-view\" ><div class=\"fusion-builder-row fusion-row fusion-flex-align-items-flex-start fusion-flex-content-wrap\" style=\"max-width:1248px;margin-left: calc(-4% \/ 2 );margin-right: calc(-4% \/ 2 );\"><div class=\"fusion-layout-column fusion_builder_column fusion-builder-column-0 fusion_builder_column_1_1 1_1 fusion-flex-column\" style=\"--awb-bg-size:cover;--awb-width-large:100%;--awb-margin-top-large:0px;--awb-spacing-right-large:1.92%;--awb-margin-bottom-large:20px;--awb-spacing-left-large:1.92%;--awb-width-medium:100%;--awb-order-medium:0;--awb-spacing-right-medium:1.92%;--awb-spacing-left-medium:1.92%;--awb-width-small:100%;--awb-order-small:0;--awb-spacing-right-small:1.92%;--awb-spacing-left-small:1.92%;\"><div class=\"fusion-column-wrapper fusion-column-has-shadow fusion-flex-justify-content-flex-start fusion-content-layout-column\"><div class=\"fusion-text fusion-text-1\"><h2>Darbuotoj\u0173 nuomos privalumai<\/h2>\n<\/div><ul style=\"--awb-iconcolor:var(--awb-custom_color_6);--awb-line-height:27.2px;--awb-icon-width:27.2px;--awb-icon-height:27.2px;--awb-icon-margin:11.2px;--awb-content-margin:38.4px;\" class=\"fusion-checklist fusion-checklist-1 fusion-checklist-default type-icons\"><li class=\"fusion-li-item\" style=\"\"><span class=\"icon-wrapper circle-no\"><i class=\"fusion-li-icon awb-icon-check\" aria-hidden=\"true\"><\/i><\/span><div class=\"fusion-li-item-content\">\n<p>LENGVA VALDYTI. Jums nereik\u0117s skai\u010diuoti darbo u\u017emokes\u010dio. U\u017e suteikt\u0105 darbuotoj\u0173 nuomos paslaug\u0105 i\u0161ra\u0161ysime jums s\u0105skait\u0105 fakt\u016br\u0105. Taip pat pasir\u016bpinsime darbuotoj\u0173 dokumentais, apgyvendinimu ir adaptacija.<\/p>\n<\/div><\/li><li class=\"fusion-li-item\" style=\"\"><span class=\"icon-wrapper circle-no\"><i class=\"fusion-li-icon awb-icon-check\" aria-hidden=\"true\"><\/i><\/span><div class=\"fusion-li-item-content\">LANKSTU. Darbuotoj\u0173 nuoma yra veiksmingas sprendimas, skirtas \u012fmon\u0117ms, kurioms reikia i\u0161orin\u0117s darbo j\u0117gos, ir padedantis lanks\u010diai valdyti darbo i\u0161teklius. Tai apima tiek trumpalaikes, tiek ilgalaikes sutartis ir mok\u0117jim\u0105 u\u017e valand\u0105 ar atlikt\u0105 darb\u0105.<\/div><\/li><li class=\"fusion-li-item\" style=\"\"><span class=\"icon-wrapper circle-no\"><i class=\"fusion-li-icon awb-icon-check\" aria-hidden=\"true\"><\/i><\/span><div class=\"fusion-li-item-content\">GREITA. Galime greitai surasti tinkam\u0105 specialist\u0105 reikiamai darbo vietai u\u017eimti.<\/div><\/li><li class=\"fusion-li-item\" style=\"\"><span class=\"icon-wrapper circle-no\"><i class=\"fusion-li-icon awb-icon-check\" aria-hidden=\"true\"><\/i><\/span><div class=\"fusion-li-item-content\">BE RIZIKOS. Prireikus, netinkam\u0105 darbuotoj\u0105 pakeisime.<\/div><\/li><\/ul><div ><a class=\"fusion-button button-flat fusion-button-default-size button-default fusion-button-default button-1 fusion-button-default-span fusion-button-default-type\" style=\"--button_margin-top:25px;\" target=\"_self\" href=\"https:\/\/workforce.ee\/lt\/daznai-uzduodami-klausimai\/\"><span class=\"fusion-button-text awb-button__text awb-button__text--default\">Da\u017enai u\u017eduodami klausimai<\/span><\/a><\/div><\/div><\/div><\/div><\/div><div class=\"fusion-fullwidth fullwidth-box fusion-builder-row-2 fusion-flex-container has-pattern-background has-mask-background nonhundred-percent-fullwidth non-hundred-percent-height-scrolling\" style=\"--awb-border-radius-top-left:0px;--awb-border-radius-top-right:0px;--awb-border-radius-bottom-right:0px;--awb-border-radius-bottom-left:0px;--awb-margin-top:20px;--awb-margin-top-medium:20px;--awb-margin-top-small:20px;--awb-flex-wrap:wrap;\" ><div class=\"fusion-builder-row fusion-row fusion-flex-align-items-center fusion-flex-justify-content-center fusion-flex-content-wrap\" style=\"max-width:1248px;margin-left: calc(-4% \/ 2 );margin-right: calc(-4% \/ 2 );\"><div class=\"fusion-layout-column fusion_builder_column fusion-builder-column-1 fusion_builder_column_1_2 1_2 fusion-flex-column fusion-flex-align-self-center fusion-animated\" style=\"--awb-bg-size:cover;--awb-width-large:50%;--awb-margin-top-large:0px;--awb-spacing-right-large:3.84%;--awb-margin-bottom-large:20px;--awb-spacing-left-large:3.84%;--awb-width-medium:50%;--awb-order-medium:0;--awb-spacing-right-medium:3.84%;--awb-spacing-left-medium:3.84%;--awb-width-small:100%;--awb-order-small:1;--awb-spacing-right-small:1.92%;--awb-spacing-left-small:1.92%;\" data-animationType=\"fadeInLeft\" data-animationDuration=\"0.6\" data-animationOffset=\"top-into-view\"><div class=\"fusion-column-wrapper fusion-column-has-shadow fusion-flex-justify-content-center fusion-content-layout-column\"><div class=\"fusion-title title fusion-title-1 fusion-sep-none fusion-title-text fusion-title-size-two\"><h2 class=\"fusion-title-heading title-heading-left\" style=\"margin:0;\">Darbo pasi\u016blymo teik\u0117jui<\/h2><\/div><div class=\"fusion-text fusion-text-2\"><p>Darbuotoj\u0173 nuoma yra labai naudinga, jeigu d\u0117mes\u012f norite sutelkti \u012f savo darbo esm\u0119 ir verslo pl\u0117tr\u0105. Tai lankstus ir patogus bendradarbiavimo b\u016bdas, leid\u017eiantis greitai rasti tinkam\u0105 darbuotoj\u0105 trumpam projektui ar ilgesniam laikotarpiui. Raskime sprendim\u0105 kartu!<\/p>\n<\/div><div style=\"text-align:center;\"><a class=\"fusion-button button-flat fusion-button-default-size button-default fusion-button-default button-2 fusion-button-default-span fusion-button-default-type\" style=\"--button_margin-top:15px;\" target=\"_self\" href=\"https:\/\/workforce.ee\/lt\/darbo-pasiulymo-teikejas\/\"><span class=\"fusion-button-text awb-button__text awb-button__text--default\">Su\u017einokite daugiau<\/span><\/a><\/div><\/div><\/div><div class=\"fusion-layout-column fusion_builder_column fusion-builder-column-2 fusion_builder_column_1_2 1_2 fusion-flex-column fusion-animated\" style=\"--awb-bg-size:cover;--awb-width-large:50%;--awb-margin-top-large:0px;--awb-spacing-right-large:3.84%;--awb-margin-bottom-large:20px;--awb-spacing-left-large:3.84%;--awb-width-medium:50%;--awb-order-medium:0;--awb-spacing-right-medium:3.84%;--awb-spacing-left-medium:3.84%;--awb-width-small:100%;--awb-order-small:0;--awb-spacing-right-small:1.92%;--awb-spacing-left-small:1.92%;\" data-animationType=\"fadeInRight\" data-animationDuration=\"0.6\" data-animationOffset=\"top-into-view\"><div class=\"fusion-column-wrapper fusion-column-has-shadow fusion-flex-justify-content-flex-start fusion-content-layout-column\"><div class=\"fusion-lottie fusion-lottie-1\" data-id=\"1\" style=\"--awb-max-width:70%;--awb-width:100%;\"><div class=\"fusion-lottie-animation lg-mx-auto lg-mx-auto md-mx-auto sm-mx-auto\" data-path=\"https:\/\/workforce.ee\/wp-content\/uploads\/2023\/02\/toopakkuja.json\" data-loop=\"1\" data-reverse=\"0\" data-speed=\"0.5\" data-trigger=\"none\" data-start_point=\"0\" data-end_point=\"100\"><lottie-player loop=\"1\" speed=\"0.5\"><\/lottie-player><\/div><\/div><\/div><\/div><\/div><\/div><div class=\"fusion-fullwidth fullwidth-box fusion-builder-row-3 fusion-flex-container has-pattern-background has-mask-background nonhundred-percent-fullwidth non-hundred-percent-height-scrolling\" style=\"--awb-border-radius-top-left:0px;--awb-border-radius-top-right:0px;--awb-border-radius-bottom-right:0px;--awb-border-radius-bottom-left:0px;--awb-margin-top:20px;--awb-margin-top-small:20px;--awb-flex-wrap:wrap;\" ><div class=\"fusion-builder-row fusion-row fusion-flex-align-items-center fusion-flex-justify-content-center fusion-flex-content-wrap\" style=\"max-width:1248px;margin-left: calc(-4% \/ 2 );margin-right: calc(-4% \/ 2 );\"><div class=\"fusion-layout-column fusion_builder_column fusion-builder-column-3 fusion_builder_column_1_2 1_2 fusion-flex-column fusion-animated\" style=\"--awb-bg-size:cover;--awb-width-large:50%;--awb-margin-top-large:0px;--awb-spacing-right-large:3.84%;--awb-margin-bottom-large:20px;--awb-spacing-left-large:3.84%;--awb-width-medium:50%;--awb-order-medium:0;--awb-spacing-right-medium:3.84%;--awb-spacing-left-medium:3.84%;--awb-width-small:100%;--awb-order-small:0;--awb-spacing-right-small:1.92%;--awb-spacing-left-small:1.92%;\" data-animationType=\"fadeInLeft\" data-animationDuration=\"0.8\" data-animationOffset=\"top-into-view\"><div class=\"fusion-column-wrapper fusion-column-has-shadow fusion-flex-justify-content-flex-start fusion-content-layout-column\"><div class=\"fusion-lottie fusion-lottie-2\" data-id=\"2\" style=\"--awb-max-width:70%;--awb-width:100%;\"><div class=\"fusion-lottie-animation lg-mx-auto lg-mx-auto md-mx-auto sm-mx-auto\" data-path=\"https:\/\/workforce.ee\/wp-content\/uploads\/2023\/02\/XUzGZvZUFs.json\" data-loop=\"1\" data-reverse=\"0\" data-speed=\"1\" data-trigger=\"none\" data-start_point=\"0\" data-end_point=\"100\"><lottie-player loop=\"1\" speed=\"1\"><\/lottie-player><\/div><\/div><\/div><\/div><div class=\"fusion-layout-column fusion_builder_column fusion-builder-column-4 fusion_builder_column_1_2 1_2 fusion-flex-column fusion-animated\" style=\"--awb-bg-size:cover;--awb-width-large:50%;--awb-margin-top-large:0px;--awb-spacing-right-large:3.84%;--awb-margin-bottom-large:20px;--awb-spacing-left-large:3.84%;--awb-width-medium:50%;--awb-order-medium:0;--awb-spacing-right-medium:3.84%;--awb-spacing-left-medium:3.84%;--awb-width-small:100%;--awb-order-small:0;--awb-spacing-right-small:1.92%;--awb-spacing-left-small:1.92%;\" data-animationType=\"fadeInRight\" data-animationDuration=\"0.9\" data-animationOffset=\"top-into-view\"><div class=\"fusion-column-wrapper fusion-column-has-shadow fusion-flex-justify-content-flex-start fusion-content-layout-column\"><div class=\"fusion-title title fusion-title-2 fusion-sep-none fusion-title-text fusion-title-size-two\"><h2 class=\"fusion-title-heading title-heading-left\" style=\"margin:0;\">Darbo ie\u0161kan\u010diam asmeniui<\/h2><\/div><div class=\"fusion-text fusion-text-3\"><p>Laikinojo \u012fdarbinimo privalumas yra tas, kad pasibaigus vienam darbui, darbuotojui greitai pasi\u016blomas kitas. Kai pradedate dirbti laikinojo \u012fdarbinimo agent\u016broje, ji j\u016bs\u0173 vardu pasira\u0161o darbo sutartis, pasir\u016bpina visais j\u016bs\u0173 mokes\u010diais ir padeda rasti nauj\u0105 darb\u0105.<\/p>\n<\/div><div style=\"text-align:center;\"><a class=\"fusion-button button-flat fusion-button-default-size button-default fusion-button-default button-3 fusion-button-default-span fusion-button-default-type\" style=\"--button_margin-top:15px;\" target=\"_self\" href=\"https:\/\/workforce.ee\/lt\/darbo-ieskantis-asmuo\/\"><span class=\"fusion-button-text awb-button__text awb-button__text--default\">Su\u017einokite daugiau<\/span><\/a><\/div><\/div><\/div><\/div><\/div><\/p>\n","protected":false},"excerpt":{"rendered":"","protected":false},"author":1,"featured_media":0,"parent":0,"menu_order":0,"comment_status":"closed","ping_status":"closed","template":"100-width.php","meta":{"footnotes":""},"class_list":["post-787","page","type-page","status-publish","hentry"],"_links":{"self":[{"href":"https:\/\/workforce.ee\/lt\/wp-json\/wp\/v2\/pages\/787","targetHints":{"allow":["GET"]}}],"collection":[{"href":"https:\/\/workforce.ee\/lt\/wp-json\/wp\/v2\/pages"}],"about":[{"href":"https:\/\/workforce.ee\/lt\/wp-json\/wp\/v2\/types\/page"}],"author":[{"embeddable":true,"href":"https:\/\/workforce.ee\/lt\/wp-json\/wp\/v2\/users\/1"}],"replies":[{"embeddable":true,"href":"https:\/\/workforce.ee\/lt\/wp-json\/wp\/v2\/comments?post=787"}],"version-history":[{"count":2,"href":"https:\/\/workforce.ee\/lt\/wp-json\/wp\/v2\/pages\/787\/revisions"}],"predecessor-version":[{"id":789,"href":"https:\/\/workforce.ee\/lt\/wp-json\/wp\/v2\/pages\/787\/revisions\/789"}],"wp:attachment":[{"href":"https:\/\/workforce.ee\/lt\/wp-json\/wp\/v2\/media?parent=787"}],"curies":[{"name":"wp","href":"https:\/\/api.w.org\/{rel}","templated":true}]}}